{"id":68,"date":"2024-03-29T12:15:50","date_gmt":"2024-03-29T11:15:50","guid":{"rendered":"https:\/\/wptest.blackcloud.be\/?page_id=68"},"modified":"2024-03-29T17:22:43","modified_gmt":"2024-03-29T16:22:43","slug":"temoignages","status":"publish","type":"page","link":"https:\/\/www.aymone.be\/index.php\/temoignages\/","title":{"rendered":"T\u00e9moignages"},"content":{"rendered":"\n\n\n<p class=\"gutenify-section-6ebc8130-edc2-11ee-876c-ed65853ce256 gtfy-4\"><\/p>\n\n\n\n<div class=\"wp-block-gutenify-testimonials gutenify-testimonials-block-wrapper gutenify-testimonials-layout-1 gutenify-testimonials-col-2 gutenify-testimonials-version-2 gutenify-section-799d3bd0-edc2-11ee-876c-ed65853ce256 gtfy-15\"><div class=\"gutenify-testimonials-section\"><div class=\"gutenify-testimonials-block\">\n<div class=\"wp-block-gutenify-testimonial gutenify-testimonial-item gutenify-testimonial-layout-1 gutenify-testimonial-version-2 has-shadow-dark gutenify-section-79a997e0-edc2-11ee-876c-ed65853ce256 gtfy-10\"><div class=\"gutenify-testimonial-section\">\n<figure class=\"wp-block-image aligncenter size-large is-resized is-style-rounded gutenify-section-79b92840-edc2-11ee-876c-ed65853ce256 gtfy-7\"><img loading=\"lazy\" decoding=\"async\" width=\"683\" height=\"1024\" src=\"https:\/\/www.aymone.be\/wp-content\/uploads\/2024\/03\/AymonePhotography-2-683x1024.jpg\" alt=\"\" class=\"wp-image-31\" style=\"width:100px;height:100px\" srcset=\"https:\/\/www.aymone.be\/wp-content\/uploads\/2024\/03\/AymonePhotography-2-683x1024.jpg 683w, https:\/\/www.aymone.be\/wp-content\/uploads\/2024\/03\/AymonePhotography-2-200x300.jpg 200w, https:\/\/www.aymone.be\/wp-content\/uploads\/2024\/03\/AymonePhotography-2-768x1152.jpg 768w, https:\/\/www.aymone.be\/wp-content\/uploads\/2024\/03\/AymonePhotography-2-1024x1536.jpg 1024w, https:\/\/www.aymone.be\/wp-content\/uploads\/2024\/03\/AymonePhotography-2-1365x2048.jpg 1365w, https:\/\/www.aymone.be\/wp-content\/uploads\/2024\/03\/AymonePhotography-2-scaled.jpg 1280w\" sizes=\"auto, (max-width: 683px) 100vw, 683px\" \/><\/figure>\n\n\n\n<p class=\"has-text-align-center gutenify-testimonial-block-content gutenify-section-79b9c480-edc2-11ee-876c-ed65853ce256 gtfy-8\">Nous avons r\u00e9alis\u00e9 une s\u00e9ance photo avec Aymone lorsque nous attendions notre 3\u00e8me petit bout. Nous voulions des photos naturelles, r\u00e9alis\u00e9es dans notre univers, des photos qui nous ressemblent. Et le r\u00e9sultat est un souvenir magnifique! Nous lui avons donc demand\u00e9 de revenir \u00e0 la maison faire une s\u00e9ance photo en famille apr\u00e8s la naissance du b\u00e9b\u00e9. Le petit dernier avait un mois et Aymone a respect\u00e9 le rythme et les envies de chacun des 3 enfants. Elle a r\u00e9alis\u00e9 des photos pleines de vie, de spontan\u00e9it\u00e9 et de douceur avec notre nouveau-n\u00e9 et ses deux grandes soeurs. Merci pour ces souvenirs!<\/p>\n\n\n\n<h3 class=\"wp-block-heading has-text-align-center gutenify-testimonial-block-full-name gutenify-section-79ba39b0-edc2-11ee-876c-ed65853ce256 gtfy-9\">Catherine &amp; Christophe<\/h3>\n<\/div><\/div>\n\n\n\n<div class=\"wp-block-gutenify-testimonial gutenify-testimonial-item gutenify-testimonial-layout-1 gutenify-testimonial-version-2 has-shadow-dark gutenify-section-79aa5b30-edc2-11ee-876c-ed65853ce256 gtfy-14\"><div class=\"gutenify-testimonial-section\">\n<figure class=\"wp-block-image aligncenter size-large is-resized is-style-rounded gutenify-section-79bbe760-edc2-11ee-876c-ed65853ce256 gtfy-11\"><img loading=\"lazy\" decoding=\"async\" width=\"683\" height=\"1024\" src=\"https:\/\/www.aymone.be\/wp-content\/uploads\/2024\/03\/AymonePhotography-2-683x1024.jpg\" alt=\"\" class=\"wp-image-31\" style=\"width:100px;height:100px\" srcset=\"https:\/\/www.aymone.be\/wp-content\/uploads\/2024\/03\/AymonePhotography-2-683x1024.jpg 683w, https:\/\/www.aymone.be\/wp-content\/uploads\/2024\/03\/AymonePhotography-2-200x300.jpg 200w, https:\/\/www.aymone.be\/wp-content\/uploads\/2024\/03\/AymonePhotography-2-768x1152.jpg 768w, https:\/\/www.aymone.be\/wp-content\/uploads\/2024\/03\/AymonePhotography-2-1024x1536.jpg 1024w, https:\/\/www.aymone.be\/wp-content\/uploads\/2024\/03\/AymonePhotography-2-1365x2048.jpg 1365w, https:\/\/www.aymone.be\/wp-content\/uploads\/2024\/03\/AymonePhotography-2-scaled.jpg 1280w\" sizes=\"auto, (max-width: 683px) 100vw, 683px\" \/><\/figure>\n\n\n\n<p class=\"has-text-align-center gutenify-testimonial-block-content gutenify-section-79bcaab0-edc2-11ee-876c-ed65853ce256 gtfy-12\">Nous avons eu plusieurs occasions d\u2019effectuer des s\u00e9ances photos avec Aymone et \u00e0 chaque fois, ce fut une r\u00e9ussite totale\u00a0! A deux reprises sous un soleil caniculaire, Aymone a su mettre tout\u00a0 en \u0153uvre pour profiter un maximum de la lumi\u00e8re du jour et surtout capter l\u2019attention de notre fille le plus naturellement possible. Une pure r\u00e9ussite\u00a0! Rien n\u2019a perturb\u00e9 Aymone lors de la derni\u00e8re s\u00e9ance avec notre petite fille et notre b\u00e9b\u00e9 de quelques jours, elle en a fait de magnifiques clich\u00e9s\u00a0! Nous nous sommes pris au jeu avec une \u00e9norme envie de d\u00e9couvrir le r\u00e9sultat de ces instants magiques charg\u00e9s d\u2019\u00e9motions et de sentiments dont nous profitons chaque jour. Une tr\u00e8s chouette et agr\u00e9able exp\u00e9rience \u00e0 d\u00e9couvrir.<\/p>\n\n\n\n<h3 class=\"wp-block-heading has-text-align-center gutenify-testimonial-block-full-name gutenify-section-79bd1fe0-edc2-11ee-876c-ed65853ce256 gtfy-13\">Marjorie &amp; Pierre<\/h3>\n<\/div><\/div>\n<\/div><\/div><\/div>\n\n\n\n\n\n<div class=\"wp-block-gutenify-testimonials gutenify-testimonials-block-wrapper gutenify-testimonials-layout-1 gutenify-testimonials-col-2 gutenify-testimonials-version-2 gutenify-section-a637bb60-edc3-11ee-876c-ed65853ce256 gtfy-25\"><div class=\"gutenify-testimonials-section\"><div class=\"gutenify-testimonials-block\">\n<div class=\"wp-block-gutenify-testimonial gutenify-testimonial-item gutenify-testimonial-layout-1 gutenify-testimonial-version-2 has-shadow-dark gutenify-section-a644b3b0-edc3-11ee-876c-ed65853ce256 gtfy-24\"><div class=\"gutenify-testimonial-section\">\n<figure class=\"wp-block-image aligncenter size-large is-resized is-style-rounded gutenify-section-a6544410-edc3-11ee-876c-ed65853ce256 gtfy-21\"><img loading=\"lazy\" decoding=\"async\" width=\"683\" height=\"1024\" src=\"https:\/\/www.aymone.be\/wp-content\/uploads\/2024\/03\/AymonePhotography-2-683x1024.jpg\" alt=\"\" class=\"wp-image-31\" style=\"width:100px;height:100px\" srcset=\"https:\/\/www.aymone.be\/wp-content\/uploads\/2024\/03\/AymonePhotography-2-683x1024.jpg 683w, https:\/\/www.aymone.be\/wp-content\/uploads\/2024\/03\/AymonePhotography-2-200x300.jpg 200w, https:\/\/www.aymone.be\/wp-content\/uploads\/2024\/03\/AymonePhotography-2-768x1152.jpg 768w, https:\/\/www.aymone.be\/wp-content\/uploads\/2024\/03\/AymonePhotography-2-1024x1536.jpg 1024w, https:\/\/www.aymone.be\/wp-content\/uploads\/2024\/03\/AymonePhotography-2-1365x2048.jpg 1365w, https:\/\/www.aymone.be\/wp-content\/uploads\/2024\/03\/AymonePhotography-2-scaled.jpg 1280w\" sizes=\"auto, (max-width: 683px) 100vw, 683px\" \/><\/figure>\n\n\n\n<p class=\"has-text-align-center gutenify-testimonial-block-content gutenify-section-a654b940-edc3-11ee-876c-ed65853ce256 gtfy-22\">J\u2019ai eu deux fois l\u2019opportunit\u00e9 et la chance de recourir aux services d\u2019Aymone pour des shootings photo. La premi\u00e8re fois, ma femme et moi lui avions demand\u00e9 de photographier notre petit gar\u00e7on de deux ans lors d\u2019une promenade en ext\u00e9rieure, c\u2019\u00e9tait en automne, et Aymone a tout de suite compris ce que nous voulions. Elle a su capturer les meilleurs instants de cette balade et profiter du d\u00e9cor automnale pour nous offrir de magnifiques clich\u00e9s de notre petit bout ! Une r\u00e9ussite totale. La seconde fois, je lui avais demand\u00e9 de m\u2019accompagner dans un lieu un peu insolite, une ancienne usine d\u00e9saffect\u00e9e de traitement du charbon, pour prendre quelques photos de moi qui me serviraient pour me pr\u00e9senter dans mon travail \u00e0 la fois de designer et de chroniqueur musical. Nous avons pris quelques risques en cherchant les meilleurs endroits de ce lieu, mais Aymone a une fois de plus fait parler son professionnalisme, et le r\u00e9sultat \u00e9tait \u00e0 200% en ad\u00e9quation avec mes attentes !<\/p>\n\n\n\n<h3 class=\"wp-block-heading has-text-align-center gutenify-testimonial-block-full-name gutenify-section-a6552e70-edc3-11ee-876c-ed65853ce256 gtfy-23\">St\u00e9phane<\/h3>\n<\/div><\/div>\n<\/div><\/div><\/div>\n","protected":false},"excerpt":{"rendered":"","protected":false},"author":1,"featured_media":0,"parent":0,"menu_order":0,"comment_status":"closed","ping_status":"closed","template":"","meta":{"footnotes":""},"class_list":["post-68","page","type-page","status-publish","hentry"],"_links":{"self":[{"href":"https:\/\/www.aymone.be\/index.php\/wp-json\/wp\/v2\/pages\/68","targetHints":{"allow":["GET"]}}],"collection":[{"href":"https:\/\/www.aymone.be\/index.php\/wp-json\/wp\/v2\/pages"}],"about":[{"href":"https:\/\/www.aymone.be\/index.php\/wp-json\/wp\/v2\/types\/page"}],"author":[{"embeddable":true,"href":"https:\/\/www.aymone.be\/index.php\/wp-json\/wp\/v2\/users\/1"}],"replies":[{"embeddable":true,"href":"https:\/\/www.aymone.be\/index.php\/wp-json\/wp\/v2\/comments?post=68"}],"version-history":[{"count":5,"href":"https:\/\/www.aymone.be\/index.php\/wp-json\/wp\/v2\/pages\/68\/revisions"}],"predecessor-version":[{"id":90,"href":"https:\/\/www.aymone.be\/index.php\/wp-json\/wp\/v2\/pages\/68\/revisions\/90"}],"wp:attachment":[{"href":"https:\/\/www.aymone.be\/index.php\/wp-json\/wp\/v2\/media?parent=68"}],"curies":[{"name":"wp","href":"https:\/\/api.w.org\/{rel}","templated":true}]}}